{"id":6625,"date":"2023-08-09T14:37:05","date_gmt":"2023-08-09T14:37:05","guid":{"rendered":"https:\/\/new.lacavernedelimage.com\/?page_id=6625"},"modified":"2023-09-19T12:58:39","modified_gmt":"2023-09-19T12:58:39","slug":"photographie","status":"publish","type":"page","link":"https:\/\/lacavernedelimage.com\/en\/photographie","title":{"rendered":"Photography"},"content":{"rendered":"<div data-elementor-type=\"wp-page\" data-elementor-id=\"6625\" class=\"elementor elementor-6625\">\n\t\t\t\t\t\t<section class=\"elementor-section elementor-top-section elementor-element elementor-element-db578db elementor-section-boxed elementor-section-height-default elementor-section-height-default qodef-elementor-image-no elementor-invisible\" data-id=\"db578db\" data-element_type=\"section\" data-settings=\"{&quot;animation&quot;:&quot;slideInUp&quot;}\">\n\t\t\t\t\t\t<div class=\"elementor-container elementor-column-gap-default\">\n\t\t\t\t\t<div class=\"elementor-column elementor-col-100 elementor-top-column elementor-element elementor-element-7b0ecad\" data-id=\"7b0ecad\" data-element_type=\"column\">\n\t\t\t<div class=\"elementor-widget-wrap elementor-element-populated\">\n\t\t\t\t\n\t\t<div class=\"elementor-element elementor-element-a4fb82e elementor-widget elementor-widget-firstframe_core_section_title\" data-id=\"a4fb82e\" data-element_type=\"widget\" data-widget_type=\"firstframe_core_section_title.default\">\n\t\t\t\t<div class=\"elementor-widget-container\">\n\t\t\t<div class=\"qodef-shortcode qodef-m  qodef-section-title qodef-alignment--left\">\n\t\t<h1 class=\"qodef-m-title\" style=\"color: #FFFFFF\">\n\t\t\t\t\tPhotos<mark>\t\t\t<\/h1>\n\t<\/div>\n\t\t<\/div>\n\t\t\t\t<\/div>\n\t\t\t\t<div class=\"elementor-element elementor-element-6712a4e elementor-widget elementor-widget-text-editor\" data-id=\"6712a4e\" data-element_type=\"widget\" data-widget_type=\"text-editor.default\">\n\t\t\t\t<div class=\"elementor-widget-container\">\n\t\t\t\t\t\t\t<p style=\"text-align: justify;\"><span style=\"color: #ffffff;\">At La Caverne de l'image, we obviously don't exclude photography. Taking photos is as much a passion of ours as video. As you can see, we are above all passionate about images that are out of the ordinary. So it's only natural that our photos should focus on atypical subjects such as astrophotography and urbex.<\/span><\/p><p style=\"text-align: justify;\"><span style=\"color: #ffffff;\">Here we share with you two subjects that fascinate us as much as they intrigue us. Although they may seem very different from one another. But they have a number of things in common, including the fact that they fuel our thirst for curiosity and make us question our own condition. <\/span><strong><span style=\"color: #ffffff;\">After all, isn't the point of art to challenge ourselves?<\/span><\/strong><\/p><p style=\"text-align: justify;\"><span style=\"color: #ffffff;\">You can contact us for a photo project, but if you fall under the spell of one of our shots, we can also provide you with an enlarged version to decorate your place !<\/span><\/p>\t\t\t\t\t\t<\/div>\n\t\t\t\t<\/div>\n\t\t\t\t\t<\/div>\n\t\t<\/div>\n\t\t\t\t\t<\/div>\n\t\t<\/section>\n\t\t\t\t<section class=\"elementor-section elementor-top-section elementor-element elementor-element-7ceac1e elementor-section-full_width elementor-section-height-default elementor-section-height-default qodef-elementor-image-no elementor-invisible\" data-id=\"7ceac1e\" data-element_type=\"section\" data-settings=\"{&quot;animation&quot;:&quot;slideInUp&quot;}\">\n\t\t\t\t\t\t<div class=\"elementor-container elementor-column-gap-default\">\n\t\t\t\t\t<div class=\"elementor-column elementor-col-100 elementor-top-column elementor-element elementor-element-5a27646\" data-id=\"5a27646\" data-element_type=\"column\">\n\t\t\t<div class=\"elementor-widget-wrap elementor-element-populated\">\n\t\t\t\t\t\t<div class=\"elementor-element elementor-element-19da72e elementor-widget elementor-widget-firstframe_core_portfolio_list\" data-id=\"19da72e\" data-element_type=\"widget\" data-widget_type=\"firstframe_core_portfolio_list.default\">\n\t\t\t\t<div class=\"elementor-widget-container\">\n\t\t\t<div class=\"qodef-shortcode qodef-m  qodef-portfolio-list qodef-item-layout--info-on-hover    qodef--borders-between qodef-grid qodef-layout--columns  qodef-gutter--medium qodef-vertical-gutter--medium qodef-col-num--3 qodef-item-layout--info-on-hover qodef-pagination--off qodef-responsive--predefined qodef-hover-animation--fade-in\" data-options=\"{&quot;plugin&quot;:&quot;firstframe_core&quot;,&quot;module&quot;:&quot;post-types\\\/portfolio\\\/shortcodes&quot;,&quot;shortcode&quot;:&quot;portfolio-list&quot;,&quot;post_type&quot;:&quot;portfolio-item&quot;,&quot;next_page&quot;:&quot;2&quot;,&quot;max_pages_num&quot;:1,&quot;behavior&quot;:&quot;columns&quot;,&quot;images_proportion&quot;:&quot;full&quot;,&quot;columns&quot;:&quot;3&quot;,&quot;columns_responsive&quot;:&quot;predefined&quot;,&quot;space&quot;:&quot;medium&quot;,&quot;vertical_space&quot;:&quot;medium&quot;,&quot;posts_per_page&quot;:&quot;9&quot;,&quot;orderby&quot;:&quot;date&quot;,&quot;order&quot;:&quot;DESC&quot;,&quot;additional_params&quot;:&quot;tax&quot;,&quot;tax&quot;:&quot;portfolio-category&quot;,&quot;tax_slug&quot;:&quot;photographie&quot;,&quot;layout&quot;:&quot;info-on-hover&quot;,&quot;hover_animation_info-below&quot;:&quot;overlay&quot;,&quot;hover_animation_info-on-hover&quot;:&quot;fade-in&quot;,&quot;title_tag&quot;:&quot;h5&quot;,&quot;custom_margin&quot;:&quot;no&quot;,&quot;play_button&quot;:&quot;yes&quot;,&quot;hide_info&quot;:&quot;no&quot;,&quot;is_related&quot;:&quot;false&quot;,&quot;border_between&quot;:&quot;yes&quot;,&quot;pagination_type&quot;:&quot;no-pagination&quot;,&quot;object_class_name&quot;:&quot;FirstFrameCore_Portfolio_List_Shortcode&quot;,&quot;taxonomy_filter&quot;:&quot;portfolio-category&quot;,&quot;additional_query_args&quot;:{&quot;tax_query&quot;:[{&quot;taxonomy&quot;:&quot;portfolio-category&quot;,&quot;field&quot;:&quot;slug&quot;,&quot;terms&quot;:&quot;photographie&quot;}]},&quot;space_value&quot;:40}\">\n\t\t<div class=\"qodef-grid-inner\">\n\t\t<article class=\"qodef-e qodef-grid-item qodef-item--full post-6669 portfolio-item type-portfolio-item status-publish has-post-thumbnail hentry portfolio-category-photographie\">\n\t<div class=\"qodef-e-inner\" >\n\t\t<div class=\"qodef-e-media\">\n\t\t\t\t<div class=\"qodef-e-media-image\">\n\t\t\t\t\t\t\t<a itemprop=\"url\" href=\"https:\/\/lacavernedelimage.com\/en\/projet\/orages\" target=\"_self\">\n\t\t\t\t<img fetchpriority=\"high\" decoding=\"async\" width=\"1200\" height=\"675\" src=\"https:\/\/lacavernedelimage.com\/wp-content\/uploads\/2023\/08\/Orages-portfolio-La-Caverne-de-limage.jpg\" class=\"attachment-full size-full wp-post-image\" alt=\"\" srcset=\"https:\/\/lacavernedelimage.com\/wp-content\/uploads\/2023\/08\/Orages-portfolio-La-Caverne-de-limage.jpg 1200w, https:\/\/lacavernedelimage.com\/wp-content\/uploads\/2023\/08\/Orages-portfolio-La-Caverne-de-limage-300x169.jpg 300w, https:\/\/lacavernedelimage.com\/wp-content\/uploads\/2023\/08\/Orages-portfolio-La-Caverne-de-limage-1024x576.jpg 1024w, https:\/\/lacavernedelimage.com\/wp-content\/uploads\/2023\/08\/Orages-portfolio-La-Caverne-de-limage-768x432.jpg 768w, https:\/\/lacavernedelimage.com\/wp-content\/uploads\/2023\/08\/Orages-portfolio-La-Caverne-de-limage-600x338.jpg 600w\" sizes=\"(max-width: 1200px) 100vw, 1200px\" \/>\t\t\t<\/a>\n\t\t\t<\/div>\n\t\t<\/div>\n\t\t<div class=\"qodef-e-content\">\n\t\t\t<div class=\"qodef-e-text\">\n\t\t\t\t<h5 itemprop=\"name\" class=\"qodef-e-title entry-title\" >\n\t<a itemprop=\"url\" class=\"qodef-e-title-link\" href=\"https:\/\/lacavernedelimage.com\/en\/projet\/orages\" target=\"_self\">\n\t\tThunderstorms\t<\/a>\n<\/h5>\n\t\t\t<\/div>\n\t\t\t<div class=\"qodef-e-bottom-holder\">\n\t\t\t\t<div class=\"qodef-e-info\">\n\t\t\t\t\t\t<a href=\"https:\/\/lacavernedelimage.com\/en\/portfolio-category\/photographie\" rel=\"tag\">Photography<\/a>\t<div class=\"qodef-info-separator-end\"><\/div>\n\t\t\t\t<\/div>\n\t\t\t<\/div>\n\t\t<\/div>\n\t\t<a itemprop=\"url\" class=\"qodef-e-post-link\" href=\"https:\/\/lacavernedelimage.com\/en\/projet\/orages\" target=\"_self\"><\/a>\n\t<\/div>\n<\/article>\n<article class=\"qodef-e qodef-grid-item qodef-item--full post-3612 portfolio-item type-portfolio-item status-publish has-post-thumbnail hentry portfolio-category-photographie\">\n\t<div class=\"qodef-e-inner\" >\n\t\t<div class=\"qodef-e-media\">\n\t\t\t\t<div class=\"qodef-e-media-image\">\n\t\t\t\t\t\t\t<a itemprop=\"url\" href=\"https:\/\/lacavernedelimage.com\/en\/projet\/astrophotographie\" target=\"_self\">\n\t\t\t\t<img decoding=\"async\" width=\"1280\" height=\"720\" src=\"https:\/\/lacavernedelimage.com\/wp-content\/uploads\/2023\/03\/Astrophotographie-portfolio-La-Caverne-de-limage.jpg\" class=\"attachment-full size-full wp-post-image\" alt=\"\" srcset=\"https:\/\/lacavernedelimage.com\/wp-content\/uploads\/2023\/03\/Astrophotographie-portfolio-La-Caverne-de-limage.jpg 1280w, https:\/\/lacavernedelimage.com\/wp-content\/uploads\/2023\/03\/Astrophotographie-portfolio-La-Caverne-de-limage-300x169.jpg 300w, https:\/\/lacavernedelimage.com\/wp-content\/uploads\/2023\/03\/Astrophotographie-portfolio-La-Caverne-de-limage-1024x576.jpg 1024w, https:\/\/lacavernedelimage.com\/wp-content\/uploads\/2023\/03\/Astrophotographie-portfolio-La-Caverne-de-limage-768x432.jpg 768w, https:\/\/lacavernedelimage.com\/wp-content\/uploads\/2023\/03\/Astrophotographie-portfolio-La-Caverne-de-limage-600x338.jpg 600w\" sizes=\"(max-width: 1280px) 100vw, 1280px\" \/>\t\t\t<\/a>\n\t\t\t<\/div>\n\t\t<\/div>\n\t\t<div class=\"qodef-e-content\">\n\t\t\t<div class=\"qodef-e-text\">\n\t\t\t\t<h5 itemprop=\"name\" class=\"qodef-e-title entry-title\" >\n\t<a itemprop=\"url\" class=\"qodef-e-title-link\" href=\"https:\/\/lacavernedelimage.com\/en\/projet\/astrophotographie\" target=\"_self\">\n\t\tAstrophotography\t<\/a>\n<\/h5>\n\t\t\t<\/div>\n\t\t\t<div class=\"qodef-e-bottom-holder\">\n\t\t\t\t<div class=\"qodef-e-info\">\n\t\t\t\t\t\t<a href=\"https:\/\/lacavernedelimage.com\/en\/portfolio-category\/photographie\" rel=\"tag\">Photography<\/a>\t<div class=\"qodef-info-separator-end\"><\/div>\n\t\t\t\t<\/div>\n\t\t\t<\/div>\n\t\t<\/div>\n\t\t<a itemprop=\"url\" class=\"qodef-e-post-link\" href=\"https:\/\/lacavernedelimage.com\/en\/projet\/astrophotographie\" target=\"_self\"><\/a>\n\t<\/div>\n<\/article>\n<article class=\"qodef-e qodef-grid-item qodef-item--full post-6672 portfolio-item type-portfolio-item status-publish has-post-thumbnail hentry portfolio-category-photographie\">\n\t<div class=\"qodef-e-inner\" >\n\t\t<div class=\"qodef-e-media\">\n\t\t\t\t<div class=\"qodef-e-media-image\">\n\t\t\t\t\t\t\t<a itemprop=\"url\" href=\"https:\/\/lacavernedelimage.com\/en\/projet\/urbex\" target=\"_self\">\n\t\t\t\t<img decoding=\"async\" width=\"1200\" height=\"675\" src=\"https:\/\/lacavernedelimage.com\/wp-content\/uploads\/2023\/08\/Urbex-portfolio-La-Caverne-de-limage.jpg\" class=\"attachment-full size-full wp-post-image\" alt=\"\" srcset=\"https:\/\/lacavernedelimage.com\/wp-content\/uploads\/2023\/08\/Urbex-portfolio-La-Caverne-de-limage.jpg 1200w, https:\/\/lacavernedelimage.com\/wp-content\/uploads\/2023\/08\/Urbex-portfolio-La-Caverne-de-limage-300x169.jpg 300w, https:\/\/lacavernedelimage.com\/wp-content\/uploads\/2023\/08\/Urbex-portfolio-La-Caverne-de-limage-1024x576.jpg 1024w, https:\/\/lacavernedelimage.com\/wp-content\/uploads\/2023\/08\/Urbex-portfolio-La-Caverne-de-limage-768x432.jpg 768w, https:\/\/lacavernedelimage.com\/wp-content\/uploads\/2023\/08\/Urbex-portfolio-La-Caverne-de-limage-600x338.jpg 600w\" sizes=\"(max-width: 1200px) 100vw, 1200px\" \/>\t\t\t<\/a>\n\t\t\t<\/div>\n\t\t<\/div>\n\t\t<div class=\"qodef-e-content\">\n\t\t\t<div class=\"qodef-e-text\">\n\t\t\t\t<h5 itemprop=\"name\" class=\"qodef-e-title entry-title\" >\n\t<a itemprop=\"url\" class=\"qodef-e-title-link\" href=\"https:\/\/lacavernedelimage.com\/en\/projet\/urbex\" target=\"_self\">\n\t\tUrbex\t<\/a>\n<\/h5>\n\t\t\t<\/div>\n\t\t\t<div class=\"qodef-e-bottom-holder\">\n\t\t\t\t<div class=\"qodef-e-info\">\n\t\t\t\t\t\t<a href=\"https:\/\/lacavernedelimage.com\/en\/portfolio-category\/photographie\" rel=\"tag\">Photography<\/a>\t<div class=\"qodef-info-separator-end\"><\/div>\n\t\t\t\t<\/div>\n\t\t\t<\/div>\n\t\t<\/div>\n\t\t<a itemprop=\"url\" class=\"qodef-e-post-link\" href=\"https:\/\/lacavernedelimage.com\/en\/projet\/urbex\" target=\"_self\"><\/a>\n\t<\/div>\n<\/article>\n\t<\/div>\n\t<\/div>\n\t\t<\/div>\n\t\t\t\t<\/div>\n\t\t\t\t\t<\/div>\n\t\t<\/div>\n\t\t\t\t\t<\/div>\n\t\t<\/section>\n\t\t\t\t<\/div>","protected":false},"excerpt":{"rendered":"<p>Photos Au sein de la Caverne de l\u2019image, nous n\u2019excluons bien \u00e9videmment pas l\u2019aspect photographie. En effet, la prise de photos reste une passion au m\u00eame titre que la vid\u00e9o pour nous. Comme vous avez pu le constater, nous sommes avant tout des passionn\u00e9s des imageries qui sortent de l\u2019ordinaire. Il est donc naturel que [&hellip;]<\/p>","protected":false},"author":1,"featured_media":0,"parent":0,"menu_order":0,"comment_status":"closed","ping_status":"closed","template":"page-full-width.php","meta":{"footnotes":""},"class_list":["post-6625","page","type-page","status-publish","hentry"],"yoast_head":"<!-- This site is optimized with the Yoast SEO plugin v23.4 - https:\/\/yoast.com\/wordpress\/plugins\/seo\/ -->\n<title>Photographie - La caverne de l&#039;Image<\/title>\n<meta name=\"robots\" content=\"index, follow, max-snippet:-1, max-image-preview:large, max-video-preview:-1\" \/>\n<link rel=\"canonical\" href=\"https:\/\/lacavernedelimage.com\/en\/photographie\/\" \/>\n<meta property=\"og:locale\" content=\"en_GB\" \/>\n<meta property=\"og:type\" content=\"article\" \/>\n<meta property=\"og:title\" content=\"Photographie - La caverne de l&#039;Image\" \/>\n<meta property=\"og:description\" content=\"Photos Au sein de la Caverne de l\u2019image, nous n\u2019excluons bien \u00e9videmment pas l\u2019aspect photographie. En effet, la prise de photos reste une passion au m\u00eame titre que la vid\u00e9o pour nous. Comme vous avez pu le constater, nous sommes avant tout des passionn\u00e9s des imageries qui sortent de l\u2019ordinaire. Il est donc naturel que [&hellip;]\" \/>\n<meta property=\"og:url\" content=\"https:\/\/lacavernedelimage.com\/en\/photographie\/\" \/>\n<meta property=\"og:site_name\" content=\"La caverne de l&#039;Image\" \/>\n<meta property=\"article:modified_time\" content=\"2023-09-19T12:58:39+00:00\" \/>\n<meta property=\"og:image\" content=\"https:\/\/lacavernedelimage.com\/wp-content\/uploads\/2023\/08\/Orages-portfolio-La-Caverne-de-limage.jpg\" \/>\n<meta name=\"twitter:card\" content=\"summary_large_image\" \/>\n<meta name=\"twitter:label1\" content=\"Estimated reading time\" \/>\n\t<meta name=\"twitter:data1\" content=\"2 minutes\" \/>\n<script type=\"application\/ld+json\" class=\"yoast-schema-graph\">{\"@context\":\"https:\/\/schema.org\",\"@graph\":[{\"@type\":\"WebPage\",\"@id\":\"https:\/\/lacavernedelimage.com\/photographie\",\"url\":\"https:\/\/lacavernedelimage.com\/photographie\",\"name\":\"Photographie - La caverne de l&#039;Image\",\"isPartOf\":{\"@id\":\"https:\/\/lacavernedelimage.com\/#website\"},\"primaryImageOfPage\":{\"@id\":\"https:\/\/lacavernedelimage.com\/photographie#primaryimage\"},\"image\":{\"@id\":\"https:\/\/lacavernedelimage.com\/photographie#primaryimage\"},\"thumbnailUrl\":\"https:\/\/lacavernedelimage.com\/wp-content\/uploads\/2023\/08\/Orages-portfolio-La-Caverne-de-limage.jpg\",\"datePublished\":\"2023-08-09T14:37:05+00:00\",\"dateModified\":\"2023-09-19T12:58:39+00:00\",\"breadcrumb\":{\"@id\":\"https:\/\/lacavernedelimage.com\/photographie#breadcrumb\"},\"inLanguage\":\"en-GB\",\"potentialAction\":[{\"@type\":\"ReadAction\",\"target\":[\"https:\/\/lacavernedelimage.com\/photographie\"]}]},{\"@type\":\"ImageObject\",\"inLanguage\":\"en-GB\",\"@id\":\"https:\/\/lacavernedelimage.com\/photographie#primaryimage\",\"url\":\"https:\/\/lacavernedelimage.com\/wp-content\/uploads\/2023\/08\/Orages-portfolio-La-Caverne-de-limage.jpg\",\"contentUrl\":\"https:\/\/lacavernedelimage.com\/wp-content\/uploads\/2023\/08\/Orages-portfolio-La-Caverne-de-limage.jpg\"},{\"@type\":\"BreadcrumbList\",\"@id\":\"https:\/\/lacavernedelimage.com\/photographie#breadcrumb\",\"itemListElement\":[{\"@type\":\"ListItem\",\"position\":1,\"name\":\"Accueil\",\"item\":\"https:\/\/lacavernedelimage.com\/\"},{\"@type\":\"ListItem\",\"position\":2,\"name\":\"Photographie\"}]},{\"@type\":\"WebSite\",\"@id\":\"https:\/\/lacavernedelimage.com\/#website\",\"url\":\"https:\/\/lacavernedelimage.com\/\",\"name\":\"La caverne de l&#039;Image\",\"description\":\"Agence audiovisuelle cr\u00e9ative \u00e0 Lyon\",\"potentialAction\":[{\"@type\":\"SearchAction\",\"target\":{\"@type\":\"EntryPoint\",\"urlTemplate\":\"https:\/\/lacavernedelimage.com\/?s={search_term_string}\"},\"query-input\":{\"@type\":\"PropertyValueSpecification\",\"valueRequired\":true,\"valueName\":\"search_term_string\"}}],\"inLanguage\":\"en-GB\"}]}<\/script>\n<!-- \/ Yoast SEO plugin. -->","yoast_head_json":{"title":"Photographie - La caverne de l&#039;Image","robots":{"index":"index","follow":"follow","max-snippet":"max-snippet:-1","max-image-preview":"max-image-preview:large","max-video-preview":"max-video-preview:-1"},"canonical":"https:\/\/lacavernedelimage.com\/en\/photographie\/","og_locale":"en_GB","og_type":"article","og_title":"Photographie - La caverne de l&#039;Image","og_description":"Photos Au sein de la Caverne de l\u2019image, nous n\u2019excluons bien \u00e9videmment pas l\u2019aspect photographie. En effet, la prise de photos reste une passion au m\u00eame titre que la vid\u00e9o pour nous. Comme vous avez pu le constater, nous sommes avant tout des passionn\u00e9s des imageries qui sortent de l\u2019ordinaire. Il est donc naturel que [&hellip;]","og_url":"https:\/\/lacavernedelimage.com\/en\/photographie\/","og_site_name":"La caverne de l&#039;Image","article_modified_time":"2023-09-19T12:58:39+00:00","og_image":[{"url":"https:\/\/lacavernedelimage.com\/wp-content\/uploads\/2023\/08\/Orages-portfolio-La-Caverne-de-limage.jpg"}],"twitter_card":"summary_large_image","twitter_misc":{"Estimated reading time":"2 minutes"},"schema":{"@context":"https:\/\/schema.org","@graph":[{"@type":"WebPage","@id":"https:\/\/lacavernedelimage.com\/photographie","url":"https:\/\/lacavernedelimage.com\/photographie","name":"Photographie - La caverne de l&#039;Image","isPartOf":{"@id":"https:\/\/lacavernedelimage.com\/#website"},"primaryImageOfPage":{"@id":"https:\/\/lacavernedelimage.com\/photographie#primaryimage"},"image":{"@id":"https:\/\/lacavernedelimage.com\/photographie#primaryimage"},"thumbnailUrl":"https:\/\/lacavernedelimage.com\/wp-content\/uploads\/2023\/08\/Orages-portfolio-La-Caverne-de-limage.jpg","datePublished":"2023-08-09T14:37:05+00:00","dateModified":"2023-09-19T12:58:39+00:00","breadcrumb":{"@id":"https:\/\/lacavernedelimage.com\/photographie#breadcrumb"},"inLanguage":"en-GB","potentialAction":[{"@type":"ReadAction","target":["https:\/\/lacavernedelimage.com\/photographie"]}]},{"@type":"ImageObject","inLanguage":"en-GB","@id":"https:\/\/lacavernedelimage.com\/photographie#primaryimage","url":"https:\/\/lacavernedelimage.com\/wp-content\/uploads\/2023\/08\/Orages-portfolio-La-Caverne-de-limage.jpg","contentUrl":"https:\/\/lacavernedelimage.com\/wp-content\/uploads\/2023\/08\/Orages-portfolio-La-Caverne-de-limage.jpg"},{"@type":"BreadcrumbList","@id":"https:\/\/lacavernedelimage.com\/photographie#breadcrumb","itemListElement":[{"@type":"ListItem","position":1,"name":"Accueil","item":"https:\/\/lacavernedelimage.com\/"},{"@type":"ListItem","position":2,"name":"Photographie"}]},{"@type":"WebSite","@id":"https:\/\/lacavernedelimage.com\/#website","url":"https:\/\/lacavernedelimage.com\/","name":"La caverne de l&#039;Image","description":"Agence audiovisuelle cr\u00e9ative \u00e0 Lyon","potentialAction":[{"@type":"SearchAction","target":{"@type":"EntryPoint","urlTemplate":"https:\/\/lacavernedelimage.com\/?s={search_term_string}"},"query-input":{"@type":"PropertyValueSpecification","valueRequired":true,"valueName":"search_term_string"}}],"inLanguage":"en-GB"}]}},"_links":{"self":[{"href":"https:\/\/lacavernedelimage.com\/en\/wp-json\/wp\/v2\/pages\/6625","targetHints":{"allow":["GET"]}}],"collection":[{"href":"https:\/\/lacavernedelimage.com\/en\/wp-json\/wp\/v2\/pages"}],"about":[{"href":"https:\/\/lacavernedelimage.com\/en\/wp-json\/wp\/v2\/types\/page"}],"author":[{"embeddable":true,"href":"https:\/\/lacavernedelimage.com\/en\/wp-json\/wp\/v2\/users\/1"}],"replies":[{"embeddable":true,"href":"https:\/\/lacavernedelimage.com\/en\/wp-json\/wp\/v2\/comments?post=6625"}],"version-history":[{"count":19,"href":"https:\/\/lacavernedelimage.com\/en\/wp-json\/wp\/v2\/pages\/6625\/revisions"}],"predecessor-version":[{"id":11354,"href":"https:\/\/lacavernedelimage.com\/en\/wp-json\/wp\/v2\/pages\/6625\/revisions\/11354"}],"wp:attachment":[{"href":"https:\/\/lacavernedelimage.com\/en\/wp-json\/wp\/v2\/media?parent=6625"}],"curies":[{"name":"wp","href":"https:\/\/api.w.org\/{rel}","templated":true}]}}