{"id":10640,"date":"2023-08-12T07:32:34","date_gmt":"2023-08-12T07:32:34","guid":{"rendered":"https:\/\/new.lacavernedelimage.com\/?page_id=10640"},"modified":"2023-08-17T10:32:41","modified_gmt":"2023-08-17T10:32:41","slug":"lancement-projet","status":"publish","type":"page","link":"https:\/\/lacavernedelimage.com\/en\/lancement-projet","title":{"rendered":"Launch my project"},"content":{"rendered":"<div data-elementor-type=\"wp-page\" data-elementor-id=\"10640\" class=\"elementor elementor-10640\">\n\t\t\t\t\t\t<section class=\"elementor-section elementor-top-section elementor-element elementor-element-db578db elementor-section-boxed elementor-section-height-default elementor-section-height-default qodef-elementor-image-no\" data-id=\"db578db\" data-element_type=\"section\">\n\t\t\t\t\t\t<div class=\"elementor-container elementor-column-gap-default\">\n\t\t\t\t\t<div class=\"elementor-column elementor-col-100 elementor-top-column elementor-element elementor-element-7b0ecad\" data-id=\"7b0ecad\" data-element_type=\"column\">\n\t\t\t<div class=\"elementor-widget-wrap elementor-element-populated\">\n\t\t\t\t\n\t\t<div class=\"elementor-element elementor-element-a4fb82e elementor-widget elementor-widget-firstframe_core_section_title\" data-id=\"a4fb82e\" data-element_type=\"widget\" data-widget_type=\"firstframe_core_section_title.default\">\n\t\t\t\t<div class=\"elementor-widget-container\">\n\t\t\t<div class=\"qodef-shortcode qodef-m  qodef-section-title qodef-alignment--left\">\n\t\t<h1 class=\"qodef-m-title\" style=\"color: #FFFFFF\">\n\t\t\t\t\tLancer<mark> mon projet<\/mark>\t\t\t<\/h1>\n\t<\/div>\n\t\t<\/div>\n\t\t\t\t<\/div>\n\t\t\t\t<div class=\"elementor-element elementor-element-6712a4e elementor-widget elementor-widget-text-editor\" data-id=\"6712a4e\" data-element_type=\"widget\" data-widget_type=\"text-editor.default\">\n\t\t\t\t<div class=\"elementor-widget-container\">\n\t\t\t\t\t\t\t<p style=\"text-align: justify;\"><span style=\"color: #ffffff;\">Un clip vid\u00e9o ? Un shooting photo ? Autre ? N\u2019h\u00e9sitez pas \u00e0 nous contacter et notre \u00e9quipe se fera un plaisir de <strong>vous recevoir et vous pr\u00eater une oreille attentive<\/strong> afin que nous puissions discuter et avancer ensemble sur ce projet qui vous tient \u00e0 c\u0153ur !<\/span><\/p><p style=\"text-align: justify;\"><span style=\"color: #ffffff;\">Qu\u2019il s\u2019agisse d\u2019un film de marque, film de produit, clip de sport ou de mode. Des interviews, une captation d\u2019\u00e9v\u00e8nement ou de concert, d&rsquo;un live&#8230;Ou encore d&rsquo;images pour un site internet ou les r\u00e9seaux sociaux, <strong>nous ne reculons devant aucun d\u00e9fi<\/strong> et nous d\u00e9pla\u00e7ons l\u00e0 o\u00f9 vous avez besoin de nous !<\/span><\/p><p style=\"text-align: justify;\"><span style=\"color: #ffffff;\"><strong>Chaque projet est unique et r\u00e9alis\u00e9 sur mesure<\/strong> pour vous afin de correspondre \u00e0 vos exigences. Ce sera un plaisir d\u2019en discuter ensemble autour d\u2019un caf\u00e9 dans notre chaleureuse Caverne\u00a0!<\/span><\/p><h5><span style=\"color: #ffffff;\">Alors remplissez notre formulaire et on se dit \u00e0 tr\u00e8s bient\u00f4t \ud83d\ude0a<\/span><\/h5>\t\t\t\t\t\t<\/div>\n\t\t\t\t<\/div>\n\t\t\t\t<div class=\"elementor-element elementor-element-b46b1cf elementor-widget elementor-widget-spacer\" data-id=\"b46b1cf\" data-element_type=\"widget\" data-widget_type=\"spacer.default\">\n\t\t\t\t<div class=\"elementor-widget-container\">\n\t\t\t\t\t<div class=\"elementor-spacer\">\n\t\t\t<div class=\"elementor-spacer-inner\"><\/div>\n\t\t<\/div>\n\t\t\t\t<\/div>\n\t\t\t\t<\/div>\n\t\t\t\t<div class=\"elementor-element elementor-element-8d9dfbe elementor-widget elementor-widget-qi_addons_for_elementor_contact_form_7\" data-id=\"8d9dfbe\" data-element_type=\"widget\" data-widget_type=\"qi_addons_for_elementor_contact_form_7.default\">\n\t\t\t\t<div class=\"elementor-widget-container\">\n\t\t\t<div class=\"qodef-shortcode qodef-m  qodef-qi-contact-form-7\">\n\t\n<div class=\"wpcf7 no-js\" id=\"wpcf7-f2632-o1\" lang=\"en-US\" dir=\"ltr\">\n<div class=\"screen-reader-response\"><p role=\"status\" aria-live=\"polite\" aria-atomic=\"true\"><\/p> <ul><\/ul><\/div>\n<form action=\"\/en\/wp-json\/wp\/v2\/pages\/10640#wpcf7-f2632-o1\" method=\"post\" class=\"wpcf7-form init\" aria-label=\"Contact form\" novalidate=\"novalidate\" data-status=\"init\" data-trp-original-action=\"\/en\/wp-json\/wp\/v2\/pages\/10640#wpcf7-f2632-o1\">\n<div style=\"display: none;\">\n<input type=\"hidden\" name=\"_wpcf7\" value=\"2632\" \/>\n<input type=\"hidden\" name=\"_wpcf7_version\" value=\"5.9.8\" \/>\n<input type=\"hidden\" name=\"_wpcf7_locale\" value=\"en_US\" \/>\n<input type=\"hidden\" name=\"_wpcf7_unit_tag\" value=\"wpcf7-f2632-o1\" \/>\n<input type=\"hidden\" name=\"_wpcf7_container_post\" value=\"0\" \/>\n<input type=\"hidden\" name=\"_wpcf7_posted_data_hash\" value=\"\" \/>\n<\/div>\n<div class=\"qodef-grid qodef-layout--columns qodef-col-num--2\">\n\n    <div class=\"qodef-grid-inner\">\n\n        <div class=\"qodef-grid-item\">\n       <label> First name &amp; last name\n    <span class=\"wpcf7-form-control-wrap\" data-name=\"your-name\"><input size=\"40\" maxlength=\"400\" class=\"wpcf7-form-control wpcf7-text wpcf7-validates-as-required\" autocomplete=\"name\" aria-required=\"true\" aria-invalid=\"false\" value=\"\" type=\"text\" name=\"your-name\" \/><\/span> <\/label>\n        <\/div>\n\n  <div class=\"qodef-grid-item\">\n            <label> Email \n    <span class=\"wpcf7-form-control-wrap\" data-name=\"your-email\"><input size=\"40\" maxlength=\"400\" class=\"wpcf7-form-control wpcf7-email wpcf7-validates-as-required wpcf7-text wpcf7-validates-as-email\" autocomplete=\"email\" aria-required=\"true\" aria-invalid=\"false\" value=\"\" type=\"email\" name=\"your-email\" \/><\/span> <\/label>\n       <\/div>\n    <\/div>\n<\/div>\n<br\/>\n<br\/>\n<br\/>\n<div class=\"qodef-grid qodef-layout--columns qodef-col-num--2\">\n    <div class=\"qodef-grid-inner\">\n\n        <div class=\"qodef-grid-item\">\n            <label> T\u00e9l\u00e9phone\n    <span class=\"wpcf7-form-control-wrap\" data-name=\"your-phone\"><input size=\"40\" maxlength=\"400\" class=\"wpcf7-form-control wpcf7-text wpcf7-validates-as-required\" aria-required=\"true\" aria-invalid=\"false\" value=\"\" type=\"text\" name=\"your-phone\" \/><\/span> <\/label>\n        <\/div>\n\n        <div class=\"qodef-grid-item\">\n            <label> Soci\u00e9t\u00e9 \/ Marque \/ Nom du projet\n    <span class=\"wpcf7-form-control-wrap\" data-name=\"societe\"><input size=\"40\" maxlength=\"400\" class=\"wpcf7-form-control wpcf7-text wpcf7-validates-as-required\" aria-required=\"true\" aria-invalid=\"false\" value=\"\" type=\"text\" name=\"societe\" \/><\/span> <\/label>\n\n        <\/div>\n    <\/div>\n<\/div>\n<br\/>\n<br\/>\n<br\/>\n\n <div class=\"qodef-grid qodef-layout--columns qodef-col-num--2\">\n    <div class=\"qodef-grid-inner\">\n\n        <div class=\"qodef-grid-item\">\n\n            <label> Quel type de projet souhaitez vous lancer ? \n   <span class=\"wpcf7-form-control-wrap\" data-name=\"menu-prestas\"><select class=\"wpcf7-form-control wpcf7-select\" aria-invalid=\"false\" name=\"menu-prestas\"><option value=\"\">&#8212;Please choose an option&#8212;<\/option><option value=\"Film de marque \/ produit\">Film de marque \/ produit<\/option><option value=\"Clip de sport\">Clip de sport<\/option><option value=\"Clip de mode\">Clip de mode<\/option><option value=\"Interviews\">Interviews<\/option><option value=\"Captation d&#039;\u00e9v\u00e9nement\">Captation d&#039;\u00e9v\u00e9nement<\/option><option value=\"Autre\">Autre<\/option><\/select><\/span> <\/label>\n\n        <\/div>\n\n<div class=\"qodef-grid-item\">\n\n            <label> Quelle typologie de budget souhaitez-vous investir ? \n   <span class=\"wpcf7-form-control-wrap\" data-name=\"menu-prix\"><select class=\"wpcf7-form-control wpcf7-select\" aria-invalid=\"false\" name=\"menu-prix\"><option value=\"\">&#8212;Please choose an option&#8212;<\/option><option value=\"Moins de 2 000\u20ac\">Moins de 2 000\u20ac<\/option><option value=\"Entre 2 000\u20ac et 5 000\u20ac\">Entre 2 000\u20ac et 5 000\u20ac<\/option><option value=\"Entre 5 000\u20ac et 10 000\u20ac\">Entre 5 000\u20ac et 10 000\u20ac<\/option><option value=\"+ de 10 000\u20ac\">+ de 10 000\u20ac<\/option><option value=\"Je ne sais pas encore\">Je ne sais pas encore<\/option><\/select><\/span> <\/label>\n\n        <\/div>\n    <\/div>\n<\/div>\n<br\/>\n<br\/>\n<br\/>\n\n<div class=\"qodef-grid qodef-layout--columns qodef-col-num--1\">\n\n    <div class=\"qodef-grid-inner\">\n\n        <div class=\"qodef-grid-item\">\n\n            <label> Dites-nous en plus sur votre projet (Deadline \/ R\u00e9f\u00e9rences \/ Lieu de tournage...)\n    <span class=\"wpcf7-form-control-wrap\" data-name=\"your-message\"><textarea cols=\"40\" rows=\"10\" maxlength=\"2000\" class=\"wpcf7-form-control wpcf7-textarea wpcf7-validates-as-required\" aria-required=\"true\" aria-invalid=\"false\" name=\"your-message\"><\/textarea><\/span> <\/label>\n\n        <\/div>\n    <\/div> \n<\/div>\n<br\/>\n<br\/>\n<br\/>\n<div class=\"qodef-grid qodef-layout--columns qodef-col-num--1\">\n\n    <div class=\"qodef-grid-inner\">\n\n        <div class=\"qodef-grid-item\">\n\n            <button class=\"wpcf7-form-control wpcf7-submit qodef-button qodef-size--normal qodef-layout--filled qodef-m\" type=\"submit\"><span class=\"qodef-m-text\">Envoyer ma demande<\/span><\/button>\n\n        <\/div>\n    <\/div> \n<\/div><div class=\"wpcf7-response-output\" aria-hidden=\"true\"><\/div>\n<input type=\"hidden\" name=\"trp-form-language\" value=\"en\"\/><\/form>\n<\/div>\n<\/div>\n\t\t<\/div>\n\t\t\t\t<\/div>\n\t\t\t\t\t<\/div>\n\t\t<\/div>\n\t\t\t\t\t<\/div>\n\t\t<\/section>\n\t\t\t\t<\/div>","protected":false},"excerpt":{"rendered":"<p>Lancer mon projet Un clip vid\u00e9o ? Un shooting photo ? Autre ? N\u2019h\u00e9sitez pas \u00e0 nous contacter et notre \u00e9quipe se fera un plaisir de vous recevoir et vous pr\u00eater une oreille attentive afin que nous puissions discuter et avancer ensemble sur ce projet qui vous tient \u00e0 c\u0153ur ! Qu\u2019il s\u2019agisse d\u2019un film [&hellip;]<\/p>","protected":false},"author":1,"featured_media":0,"parent":0,"menu_order":0,"comment_status":"closed","ping_status":"closed","template":"page-full-width.php","meta":{"footnotes":""},"class_list":["post-10640","page","type-page","status-publish","hentry"],"yoast_head":"<!-- This site is optimized with the Yoast SEO plugin v23.4 - https:\/\/yoast.com\/wordpress\/plugins\/seo\/ -->\n<title>Lancer mon projet - La caverne de l&#039;Image<\/title>\n<meta name=\"robots\" content=\"index, follow, max-snippet:-1, max-image-preview:large, max-video-preview:-1\" \/>\n<link rel=\"canonical\" href=\"https:\/\/lacavernedelimage.com\/en\/lancement-projet\/\" \/>\n<meta property=\"og:locale\" content=\"en_GB\" \/>\n<meta property=\"og:type\" content=\"article\" \/>\n<meta property=\"og:title\" content=\"Lancer mon projet - La caverne de l&#039;Image\" \/>\n<meta property=\"og:description\" content=\"Lancer mon projet Un clip vid\u00e9o ? Un shooting photo ? Autre ? N\u2019h\u00e9sitez pas \u00e0 nous contacter et notre \u00e9quipe se fera un plaisir de vous recevoir et vous pr\u00eater une oreille attentive afin que nous puissions discuter et avancer ensemble sur ce projet qui vous tient \u00e0 c\u0153ur ! Qu\u2019il s\u2019agisse d\u2019un film [&hellip;]\" \/>\n<meta property=\"og:url\" content=\"https:\/\/lacavernedelimage.com\/en\/lancement-projet\/\" \/>\n<meta property=\"og:site_name\" content=\"La caverne de l&#039;Image\" \/>\n<meta property=\"article:modified_time\" content=\"2023-08-17T10:32:41+00:00\" \/>\n<meta name=\"twitter:card\" content=\"summary_large_image\" \/>\n<meta name=\"twitter:label1\" content=\"Estimated reading time\" \/>\n\t<meta name=\"twitter:data1\" content=\"2 minutes\" \/>\n<script type=\"application\/ld+json\" class=\"yoast-schema-graph\">{\"@context\":\"https:\/\/schema.org\",\"@graph\":[{\"@type\":\"WebPage\",\"@id\":\"https:\/\/lacavernedelimage.com\/lancement-projet\",\"url\":\"https:\/\/lacavernedelimage.com\/lancement-projet\",\"name\":\"Lancer mon projet - La caverne de l&#039;Image\",\"isPartOf\":{\"@id\":\"https:\/\/lacavernedelimage.com\/#website\"},\"datePublished\":\"2023-08-12T07:32:34+00:00\",\"dateModified\":\"2023-08-17T10:32:41+00:00\",\"breadcrumb\":{\"@id\":\"https:\/\/lacavernedelimage.com\/lancement-projet#breadcrumb\"},\"inLanguage\":\"en-GB\",\"potentialAction\":[{\"@type\":\"ReadAction\",\"target\":[\"https:\/\/lacavernedelimage.com\/lancement-projet\"]}]},{\"@type\":\"BreadcrumbList\",\"@id\":\"https:\/\/lacavernedelimage.com\/lancement-projet#breadcrumb\",\"itemListElement\":[{\"@type\":\"ListItem\",\"position\":1,\"name\":\"Accueil\",\"item\":\"https:\/\/lacavernedelimage.com\/\"},{\"@type\":\"ListItem\",\"position\":2,\"name\":\"Lancer mon projet\"}]},{\"@type\":\"WebSite\",\"@id\":\"https:\/\/lacavernedelimage.com\/#website\",\"url\":\"https:\/\/lacavernedelimage.com\/\",\"name\":\"La caverne de l&#039;Image\",\"description\":\"Agence audiovisuelle cr\u00e9ative \u00e0 Lyon\",\"potentialAction\":[{\"@type\":\"SearchAction\",\"target\":{\"@type\":\"EntryPoint\",\"urlTemplate\":\"https:\/\/lacavernedelimage.com\/?s={search_term_string}\"},\"query-input\":{\"@type\":\"PropertyValueSpecification\",\"valueRequired\":true,\"valueName\":\"search_term_string\"}}],\"inLanguage\":\"en-GB\"}]}<\/script>\n<!-- \/ Yoast SEO plugin. -->","yoast_head_json":{"title":"Lancer mon projet - La caverne de l&#039;Image","robots":{"index":"index","follow":"follow","max-snippet":"max-snippet:-1","max-image-preview":"max-image-preview:large","max-video-preview":"max-video-preview:-1"},"canonical":"https:\/\/lacavernedelimage.com\/en\/lancement-projet\/","og_locale":"en_GB","og_type":"article","og_title":"Lancer mon projet - La caverne de l&#039;Image","og_description":"Lancer mon projet Un clip vid\u00e9o ? Un shooting photo ? Autre ? N\u2019h\u00e9sitez pas \u00e0 nous contacter et notre \u00e9quipe se fera un plaisir de vous recevoir et vous pr\u00eater une oreille attentive afin que nous puissions discuter et avancer ensemble sur ce projet qui vous tient \u00e0 c\u0153ur ! Qu\u2019il s\u2019agisse d\u2019un film [&hellip;]","og_url":"https:\/\/lacavernedelimage.com\/en\/lancement-projet\/","og_site_name":"La caverne de l&#039;Image","article_modified_time":"2023-08-17T10:32:41+00:00","twitter_card":"summary_large_image","twitter_misc":{"Estimated reading time":"2 minutes"},"schema":{"@context":"https:\/\/schema.org","@graph":[{"@type":"WebPage","@id":"https:\/\/lacavernedelimage.com\/lancement-projet","url":"https:\/\/lacavernedelimage.com\/lancement-projet","name":"Lancer mon projet - La caverne de l&#039;Image","isPartOf":{"@id":"https:\/\/lacavernedelimage.com\/#website"},"datePublished":"2023-08-12T07:32:34+00:00","dateModified":"2023-08-17T10:32:41+00:00","breadcrumb":{"@id":"https:\/\/lacavernedelimage.com\/lancement-projet#breadcrumb"},"inLanguage":"en-GB","potentialAction":[{"@type":"ReadAction","target":["https:\/\/lacavernedelimage.com\/lancement-projet"]}]},{"@type":"BreadcrumbList","@id":"https:\/\/lacavernedelimage.com\/lancement-projet#breadcrumb","itemListElement":[{"@type":"ListItem","position":1,"name":"Accueil","item":"https:\/\/lacavernedelimage.com\/"},{"@type":"ListItem","position":2,"name":"Lancer mon projet"}]},{"@type":"WebSite","@id":"https:\/\/lacavernedelimage.com\/#website","url":"https:\/\/lacavernedelimage.com\/","name":"La caverne de l&#039;Image","description":"Agence audiovisuelle cr\u00e9ative \u00e0 Lyon","potentialAction":[{"@type":"SearchAction","target":{"@type":"EntryPoint","urlTemplate":"https:\/\/lacavernedelimage.com\/?s={search_term_string}"},"query-input":{"@type":"PropertyValueSpecification","valueRequired":true,"valueName":"search_term_string"}}],"inLanguage":"en-GB"}]}},"_links":{"self":[{"href":"https:\/\/lacavernedelimage.com\/en\/wp-json\/wp\/v2\/pages\/10640","targetHints":{"allow":["GET"]}}],"collection":[{"href":"https:\/\/lacavernedelimage.com\/en\/wp-json\/wp\/v2\/pages"}],"about":[{"href":"https:\/\/lacavernedelimage.com\/en\/wp-json\/wp\/v2\/types\/page"}],"author":[{"embeddable":true,"href":"https:\/\/lacavernedelimage.com\/en\/wp-json\/wp\/v2\/users\/1"}],"replies":[{"embeddable":true,"href":"https:\/\/lacavernedelimage.com\/en\/wp-json\/wp\/v2\/comments?post=10640"}],"version-history":[{"count":13,"href":"https:\/\/lacavernedelimage.com\/en\/wp-json\/wp\/v2\/pages\/10640\/revisions"}],"predecessor-version":[{"id":10957,"href":"https:\/\/lacavernedelimage.com\/en\/wp-json\/wp\/v2\/pages\/10640\/revisions\/10957"}],"wp:attachment":[{"href":"https:\/\/lacavernedelimage.com\/en\/wp-json\/wp\/v2\/media?parent=10640"}],"curies":[{"name":"wp","href":"https:\/\/api.w.org\/{rel}","templated":true}]}}